{"id":1114,"date":"2025-04-06T18:02:46","date_gmt":"2025-04-06T22:02:46","guid":{"rendered":"https:\/\/agilesolutions.global\/?page_id=1114"},"modified":"2025-05-07T21:24:27","modified_gmt":"2025-05-08T01:24:27","slug":"business-credit-score-estimator","status":"publish","type":"page","link":"https:\/\/agilesolutions.global\/fr\/business-credit-score-estimator\/","title":{"rendered":"Estimateur de cote de cr\u00e9dit d'entreprise"},"content":{"rendered":"<div data-elementor-type=\"wp-page\" data-elementor-id=\"1114\" class=\"elementor elementor-1114\" data-elementor-settings=\"{&quot;ha_cmc_init_switcher&quot;:&quot;no&quot;}\">\n\t\t\t\t\t\t<section class=\"elementor-section elementor-top-section elementor-element elementor-element-bb99d7b elementor-section-boxed elementor-section-height-default elementor-section-height-default exad-glass-effect-no wpr-particle-no wpr-jarallax-no wpr-parallax-no wpr-sticky-section-no wpr-equal-height-no exad-sticky-section-no\" data-id=\"bb99d7b\" data-element_type=\"section\" data-e-type=\"section\" data-settings=\"{&quot;_ha_eqh_enable&quot;:false}\">\n\t\t\t\t\t\t<div class=\"elementor-container elementor-column-gap-wide\">\n\t\t\t\t\t<div class=\"elementor-column elementor-col-50 elementor-top-column elementor-element elementor-element-f495589 elementor-hidden-mobile elementor-hidden-tablet exad-glass-effect-no exad-sticky-section-no\" data-id=\"f495589\" data-element_type=\"column\" data-e-type=\"column\">\n\t\t\t<div class=\"elementor-widget-wrap elementor-element-populated\">\n\t\t\t\t\t\t<div class=\"elementor-element elementor-element-5b0a3c2 exad-sticky-section-no exad-glass-effect-no elementor-widget elementor-widget-image\" data-id=\"5b0a3c2\" data-element_type=\"widget\" data-e-type=\"widget\" data-widget_type=\"image.default\">\n\t\t\t\t<div class=\"elementor-widget-container\">\n\t\t\t\t\t\t\t\t\t\t\t\t\t\t\t<img fetchpriority=\"high\" decoding=\"async\" width=\"800\" height=\"600\" src=\"https:\/\/agilesolutions.global\/wp-content\/uploads\/2025\/03\/Creation-sans-titre-2-1.png\" class=\"attachment-large size-large wp-image-935\" alt=\"\" srcset=\"https:\/\/agilesolutions.global\/wp-content\/uploads\/2025\/03\/Creation-sans-titre-2-1.png 800w, https:\/\/agilesolutions.global\/wp-content\/uploads\/2025\/03\/Creation-sans-titre-2-1-300x225.png 300w, https:\/\/agilesolutions.global\/wp-content\/uploads\/2025\/03\/Creation-sans-titre-2-1-768x576.png 768w\" sizes=\"(max-width: 800px) 100vw, 800px\" \/>\t\t\t\t\t\t\t\t\t\t\t\t\t\t\t<\/div>\n\t\t\t\t<\/div>\n\t\t\t\t\t<\/div>\n\t\t<\/div>\n\t\t\t\t<div class=\"elementor-column elementor-col-50 elementor-top-column elementor-element elementor-element-8095165 exad-glass-effect-no exad-sticky-section-no\" data-id=\"8095165\" data-element_type=\"column\" data-e-type=\"column\" data-settings=\"{&quot;background_background&quot;:&quot;classic&quot;}\">\n\t\t\t<div class=\"elementor-widget-wrap elementor-element-populated\">\n\t\t\t\t\t\t<div class=\"elementor-element elementor-element-808372b exad-sticky-section-no exad-glass-effect-no elementor-widget elementor-widget-heading\" data-id=\"808372b\" data-element_type=\"widget\" data-e-type=\"widget\" data-widget_type=\"heading.default\">\n\t\t\t\t<div class=\"elementor-widget-container\">\n\t\t\t\t\t<h2 class=\"elementor-heading-title elementor-size-default\">Essayez notre<\/h2>\t\t\t\t<\/div>\n\t\t\t\t<\/div>\n\t\t\t\t<div class=\"elementor-element elementor-element-26f3ea4 exad-sticky-section-no exad-glass-effect-no elementor-widget elementor-widget-heading\" data-id=\"26f3ea4\" data-element_type=\"widget\" data-e-type=\"widget\" data-widget_type=\"heading.default\">\n\t\t\t\t<div class=\"elementor-widget-container\">\n\t\t\t\t\t<h2 class=\"elementor-heading-title elementor-size-default\">Estimateur de cote de cr\u00e9dit d'entreprise<\/h2>\t\t\t\t<\/div>\n\t\t\t\t<\/div>\n\t\t\t\t<div class=\"elementor-element elementor-element-725d7fa exad-sticky-section-no exad-glass-effect-no elementor-widget elementor-widget-text-editor\" data-id=\"725d7fa\" data-element_type=\"widget\" data-e-type=\"widget\" data-widget_type=\"text-editor.default\">\n\t\t\t\t<div class=\"elementor-widget-container\">\n\t\t\t\t\t\t\t\t\t<p>Une bonne cote de cr\u00e9dit d'entreprise est essentielle pour obtenir un financement, n\u00e9gocier de meilleures conditions et \u00e9tablir une relation de confiance avec les pr\u00eateurs. Utilisez notre estimateur de cote de cr\u00e9dit d'entreprise pour avoir une id\u00e9e de votre situation financi\u00e8re actuelle et comprendre son impact sur votre capacit\u00e9 d'emprunt. Que vous recherchiez un pr\u00eat, une ligne de cr\u00e9dit ou tout autre type de financement, conna\u00eetre votre cote de cr\u00e9dit vous aide \u00e0 prendre des d\u00e9cisions \u00e9clair\u00e9es et \u00e0 planifier votre croissance future.<\/p>\t\t\t\t\t\t\t\t<\/div>\n\t\t\t\t<\/div>\n\t\t\t\t<div class=\"elementor-element elementor-element-c45a812 elementor-mobile-align-center elementor-align-left elementor-tablet-align-center exad-sticky-section-no exad-glass-effect-no elementor-widget elementor-widget-button\" data-id=\"c45a812\" data-element_type=\"widget\" data-e-type=\"widget\" data-widget_type=\"button.default\">\n\t\t\t\t<div class=\"elementor-widget-container\">\n\t\t\t\t\t\t\t\t\t<div class=\"elementor-button-wrapper\">\n\t\t\t\t\t<a class=\"elementor-button elementor-button-link elementor-size-sm\" href=\"https:\/\/agilesolutions.global\/fr\/contact\/\">\n\t\t\t\t\t\t<span class=\"elementor-button-content-wrapper\">\n\t\t\t\t\t\t\t\t\t<span class=\"elementor-button-text\">Contactez-nous<\/span>\n\t\t\t\t\t<\/span>\n\t\t\t\t\t<\/a>\n\t\t\t\t<\/div>\n\t\t\t\t\t\t\t\t<\/div>\n\t\t\t\t<\/div>\n\t\t\t\t\t<\/div>\n\t\t<\/div>\n\t\t\t\t\t<\/div>\n\t\t<\/section>\n\t\t<div class=\"elementor-element elementor-element-5d8b337a e-con-full e-flex wpr-particle-no wpr-jarallax-no wpr-parallax-no wpr-sticky-section-no wpr-equal-height-no e-con e-parent\" data-id=\"5d8b337a\" data-element_type=\"container\" data-e-type=\"container\" data-settings=\"{&quot;_ha_eqh_enable&quot;:false}\">\n\t\t\t\t<div class=\"elementor-element elementor-element-7e4d99f9 elementor-widget-tablet__width-initial exad-sticky-section-no exad-glass-effect-no elementor-widget elementor-widget-heading\" data-id=\"7e4d99f9\" data-element_type=\"widget\" data-e-type=\"widget\" data-widget_type=\"heading.default\">\n\t\t\t\t<div class=\"elementor-widget-container\">\n\t\t\t\t\t<h2 class=\"elementor-heading-title elementor-size-default\">Pr\u00eat \u00e0 estimer la cote de cr\u00e9dit de votre entreprise ?<\/h2>\t\t\t\t<\/div>\n\t\t\t\t<\/div>\n\t\t\t\t<div class=\"elementor-element elementor-element-5171ef4c exad-sticky-section-no exad-glass-effect-no elementor-widget elementor-widget-html\" data-id=\"5171ef4c\" data-element_type=\"widget\" data-e-type=\"widget\" data-widget_type=\"html.default\">\n\t\t\t\t<div class=\"elementor-widget-container\">\n\t\t\t\t\t<!DOCTYPE html>\r\n<html lang=\"en\">\r\n<head>\r\n    <meta charset=\"UTF-8\">\r\n    <meta name=\"viewport\" content=\"width=device-width, initial-scale=1.0\">\r\n    <title>Credit Business Estimator<\/title>\r\n    <link rel=\"stylesheet\" href=\"styles.css\">\r\n    <link rel=\"stylesheet\" href=\"https:\/\/cdnjs.cloudflare.com\/ajax\/libs\/font-awesome\/5.15.4\/css\/all.min.css\">\r\n<\/head>\r\n<body>\r\n    <div class=\"credit-estimator\"> <!-- Unique class -->\r\n        <div class=\"estimator-container\">\r\n            <div class=\"form-container section1\">\r\n                <form id=\"estimatorForm1\" action=\"\">\r\n                    <label for=\"paymentHistory\">Votre entreprise a-t-elle effectu\u00e9 ses paiements dans les d\u00e9lais ?\r\n                    <select id=\"paymentHistory\" required>\r\n                        <option value=\"\" disabled selected>S\u00e9lectionnez une option<\/option>\r\n                        <option value=\"10\">Oui<\/option>\r\n                        <option value=\"0\">Non<\/option>\r\n                    <\/select>\r\n\r\n                    <label for=\"creditAge\">Dur\u00e9e du cr\u00e9dit (ann\u00e9es) \r\n                    <input type=\"number\" id=\"creditAge\" placeholder=\"Entrez l\u2019anciennet\u00e9 de vos comptes de cr\u00e9dit\" required>\r\n\r\n                    <label for=\"creditUtilization\">Utilisation du cr\u00e9dit (%) : <i class=\"fas fa-info-circle\" title=\"Pourcentage du cr\u00e9dit total disponible que vous utilisez actuellement. Il est calcul\u00e9 en divisant le solde total de vos cartes de cr\u00e9dit par la limite totale de vos cartes de cr\u00e9dit.\"><\/i><\/label>\r\n                    <input type=\"number\" id=\"creditUtilization\" placeholder=\"Entrer le pourcentage d&#039;utilisation du cr\u00e9dit\" required>\r\n\r\n                    <label for=\"creditAccounts\">Nombre de comptes de cr\u00e9dit : <i class=\"fas fa-info-circle\" title=\"Le nombre de lignes de cr\u00e9dit ou de pr\u00eats diff\u00e9rents dont dispose votre entreprise, tels que les cartes de cr\u00e9dit, les pr\u00eats ou les marges de cr\u00e9dit.\"><\/i><\/label>\r\n                    <input type=\"number\" id=\"creditAccounts\" placeholder=\"Entrez le nombre de comptes de cr\u00e9dit.\" required>\r\n\r\n                    <label for=\"recentInquiries\">Demandes r\u00e9centes : <i class=\"fas fa-info-circle\" title=\"Le nombre de fois o\u00f9 les pr\u00eateurs ont v\u00e9rifi\u00e9 votre solvabilit\u00e9 au cours des six derniers mois. De multiples demandes peuvent indiquer un risque de cr\u00e9dit plus \u00e9lev\u00e9.\"><\/i><\/label>\r\n                    <input type=\"number\" id=\"recentInquiries\" placeholder=\"Entrer le nombre de demandes r\u00e9centes\" required>\r\n                <input type=\"hidden\" name=\"trp-form-language\" value=\"fr\"\/><\/form>\r\n            <\/div>\r\n            <div class=\"form-container section2\">\r\n                <form id=\"estimatorForm2\" action=\"\">\r\n                    <label for=\"annualRevenue\">Chiffre d'affaires annuel ($) : <i class=\"fas fa-info-circle\" title=\"Le montant total que votre entreprise gagne en un an, toutes sources confondues, avant d\u00e9duction des d\u00e9penses.\"><\/i><\/label>\r\n                    <input type=\"number\" id=\"annualRevenue\" placeholder=\"Entrer votre chiffre d&#039;affaires annuel\" required>\r\n\r\n                    <label for=\"outstandingDebt\">Dette en cours ($) : <i class=\"fas fa-info-circle\" title=\"Le montant total que votre entreprise doit actuellement \u00e0 ses cr\u00e9anciers.\"><\/i><\/label>\r\n                    <input type=\"number\" id=\"outstandingDebt\" placeholder=\"Saisir la dette en cours\" required>\r\n\r\n                    <label for=\"bankruptcy\">Votre entreprise a-t-elle d\u00e9j\u00e0 d\u00e9pos\u00e9 le bilan ? \r\n                    <select id=\"bankruptcy\" required>\r\n                        <option value=\"0\">Non<\/option>\r\n                        <option value=\"10\">Oui<\/option>\r\n                    <\/select>\r\n\r\n                    <label for=\"legalInquiries\">Y a-t-il des jugements judiciaires rendus contre votre entreprise ?\r\n                    <select id=\"legalInquiries\" required>\r\n                        <option value=\"0\">Non<\/option>\r\n                        <option value=\"10\">Oui<\/option>\r\n                    <\/select>\r\n                    <button type=\"button\" id=\"estimateButton\">Estimer la cote de cr\u00e9dit<\/button>\r\n                <input type=\"hidden\" name=\"trp-form-language\" value=\"fr\"\/><\/form>\r\n            <\/div>\r\n            <div class=\"result-container section3\">\r\n                <div class=\"result-content\">\r\n                    <label for=\"score\">Score de la cote de cr\u00e9dit<\/label>\r\n                    <p id=\"score\" class=\"large-text\"><\/p>\r\n                    <div id=\"description\"><\/div>\r\n                <\/div>\r\n                <p class=\"disclaimer\">Clause de non-responsabilit\u00e9 : Ce r\u00e9sultat est fourni \u00e0 titre indicatif et ne constitue pas une \u00e9valuation pr\u00e9cise de votre solvabilit\u00e9.<\/p>\r\n            <\/div>\r\n        <\/div>\r\n    <\/div>\r\n    <script src=\"script.js\"><\/script>\r\n<\/body>\r\n<\/html>\r\n\t\t\t\t<\/div>\n\t\t\t\t<\/div>\n\t\t\t\t<\/div>\n\t\t\t\t<section class=\"wpr-jarallax elementor-section elementor-top-section elementor-element elementor-element-d7d335b wpr-jarallax-yes elementor-section-boxed elementor-section-height-default elementor-section-height-default exad-glass-effect-no wpr-particle-no wpr-parallax-no wpr-sticky-section-no wpr-equal-height-no exad-sticky-section-no\" speed-data=\"1.4\" bg-image=\"https:\/\/agilesolutions.global\/wp-content\/uploads\/2025\/02\/Creation-sans-titre-2.png\" bg-image-mobile=\"\" scroll-effect=\"scroll\" data-id=\"d7d335b\" data-element_type=\"section\" data-e-type=\"section\" data-settings=\"{&quot;background_background&quot;:&quot;classic&quot;,&quot;_ha_eqh_enable&quot;:false}\">\n\t\t\t\t\t\t\t<div class=\"elementor-background-overlay\"><\/div>\n\t\t\t\t\t\t\t<div class=\"elementor-container elementor-column-gap-default\">\n\t\t\t\t\t<div class=\"elementor-column elementor-col-100 elementor-top-column elementor-element elementor-element-df4bc90 exad-glass-effect-no exad-sticky-section-no\" data-id=\"df4bc90\" data-element_type=\"column\" data-e-type=\"column\">\n\t\t\t<div class=\"elementor-widget-wrap elementor-element-populated\">\n\t\t\t\t\t\t<div class=\"elementor-element elementor-element-8ea2b10 exad-sticky-section-no exad-glass-effect-no elementor-widget elementor-widget-heading\" data-id=\"8ea2b10\" data-element_type=\"widget\" data-e-type=\"widget\" data-widget_type=\"heading.default\">\n\t\t\t\t<div class=\"elementor-widget-container\">\n\t\t\t\t\t<h2 class=\"elementor-heading-title elementor-size-default\">Lib\u00e9rez tout le potentiel de votre entreprise gr\u00e2ce \u00e0 des solutions agiles<\/h2>\t\t\t\t<\/div>\n\t\t\t\t<\/div>\n\t\t\t\t<div class=\"elementor-element elementor-element-d00ef50 exad-sticky-section-no exad-glass-effect-no elementor-widget elementor-widget-text-editor\" data-id=\"d00ef50\" data-element_type=\"widget\" data-e-type=\"widget\" data-widget_type=\"text-editor.default\">\n\t\t\t\t<div class=\"elementor-widget-container\">\n\t\t\t\t\t\t\t\t\t<p><span style=\"font-weight: 400;\">Soumettez vos demandes concernant les solutions de financement, et notre \u00e9quipe vous fournira les informations n\u00e9cessaires pour prendre des d\u00e9cisions \u00e9clair\u00e9es concernant l'avenir financier de votre entreprise.<\/span><\/p>\t\t\t\t\t\t\t\t<\/div>\n\t\t\t\t<\/div>\n\t\t\t\t<div class=\"elementor-element elementor-element-04cf42b elementor-align-center elementor-mobile-align-center exad-sticky-section-no exad-glass-effect-no elementor-widget elementor-widget-button\" data-id=\"04cf42b\" data-element_type=\"widget\" data-e-type=\"widget\" data-widget_type=\"button.default\">\n\t\t\t\t<div class=\"elementor-widget-container\">\n\t\t\t\t\t\t\t\t\t<div class=\"elementor-button-wrapper\">\n\t\t\t\t\t<a class=\"elementor-button elementor-button-link elementor-size-sm\" href=\"https:\/\/agilesolutions.global\/fr\/contact\/\">\n\t\t\t\t\t\t<span class=\"elementor-button-content-wrapper\">\n\t\t\t\t\t\t\t\t\t<span class=\"elementor-button-text\">Contactez-nous d\u00e8s maintenant<\/span>\n\t\t\t\t\t<\/span>\n\t\t\t\t\t<\/a>\n\t\t\t\t<\/div>\n\t\t\t\t\t\t\t\t<\/div>\n\t\t\t\t<\/div>\n\t\t\t\t\t<\/div>\n\t\t<\/div>\n\t\t\t\t\t<\/div>\n\t\t<\/section>\n\t\t<div class=\"elementor-element elementor-element-47fc4d3 e-flex e-con-boxed wpr-particle-no wpr-jarallax-no wpr-parallax-no wpr-sticky-section-no wpr-equal-height-no e-con e-parent\" data-id=\"47fc4d3\" data-element_type=\"container\" data-e-type=\"container\" data-settings=\"{&quot;_ha_eqh_enable&quot;:false}\">\n\t\t\t\t\t<div class=\"e-con-inner\">\n\t\t\t\t<div class=\"elementor-element elementor-element-d9de097 exad-sticky-section-no exad-glass-effect-no elementor-widget elementor-widget-spacer\" data-id=\"d9de097\" data-element_type=\"widget\" data-e-type=\"widget\" data-widget_type=\"spacer.default\">\n\t\t\t\t<div class=\"elementor-widget-container\">\n\t\t\t\t\t\t\t<div class=\"elementor-spacer\">\n\t\t\t<div class=\"elementor-spacer-inner\"><\/div>\n\t\t<\/div>\n\t\t\t\t\t\t<\/div>\n\t\t\t\t<\/div>\n\t\t\t\t\t<\/div>\n\t\t\t\t<\/div>\n\t\t\t\t<\/div>","protected":false},"excerpt":{"rendered":"<p>Estimate your business credit score in minutes\u2014Agile Solutions\u2019 free tool helps you assess creditworthiness and prepare for better financing options.<\/p>","protected":false},"author":1,"featured_media":1116,"parent":0,"menu_order":0,"comment_status":"closed","ping_status":"closed","template":"","meta":{"footnotes":""},"class_list":["post-1114","page","type-page","status-publish","has-post-thumbnail","hentry"],"blocksy_meta":[],"_links":{"self":[{"href":"https:\/\/agilesolutions.global\/fr\/wp-json\/wp\/v2\/pages\/1114","targetHints":{"allow":["GET"]}}],"collection":[{"href":"https:\/\/agilesolutions.global\/fr\/wp-json\/wp\/v2\/pages"}],"about":[{"href":"https:\/\/agilesolutions.global\/fr\/wp-json\/wp\/v2\/types\/page"}],"author":[{"embeddable":true,"href":"https:\/\/agilesolutions.global\/fr\/wp-json\/wp\/v2\/users\/1"}],"replies":[{"embeddable":true,"href":"https:\/\/agilesolutions.global\/fr\/wp-json\/wp\/v2\/comments?post=1114"}],"version-history":[{"count":25,"href":"https:\/\/agilesolutions.global\/fr\/wp-json\/wp\/v2\/pages\/1114\/revisions"}],"predecessor-version":[{"id":2609,"href":"https:\/\/agilesolutions.global\/fr\/wp-json\/wp\/v2\/pages\/1114\/revisions\/2609"}],"wp:featuredmedia":[{"embeddable":true,"href":"https:\/\/agilesolutions.global\/fr\/wp-json\/wp\/v2\/media\/1116"}],"wp:attachment":[{"href":"https:\/\/agilesolutions.global\/fr\/wp-json\/wp\/v2\/media?parent=1114"}],"curies":[{"name":"wp","href":"https:\/\/api.w.org\/{rel}","templated":true}]}}