{"id":1284,"date":"2025-04-06T19:12:56","date_gmt":"2025-04-06T23:12:56","guid":{"rendered":"https:\/\/agilesolutions.global\/?page_id=1284"},"modified":"2025-05-07T21:26:47","modified_gmt":"2025-05-08T01:26:47","slug":"business-loan-calculator","status":"publish","type":"page","link":"https:\/\/agilesolutions.global\/fr\/business-loan-calculator\/","title":{"rendered":"Calculateur de pr\u00eat commercial"},"content":{"rendered":"<div data-elementor-type=\"wp-page\" data-elementor-id=\"1284\" class=\"elementor elementor-1284\" data-elementor-settings=\"{&quot;ha_cmc_init_switcher&quot;:&quot;no&quot;}\">\n\t\t\t\t\t\t<section class=\"elementor-section elementor-top-section elementor-element elementor-element-bb99d7b elementor-section-boxed elementor-section-height-default elementor-section-height-default exad-glass-effect-no wpr-particle-no wpr-jarallax-no wpr-parallax-no wpr-sticky-section-no wpr-equal-height-no exad-sticky-section-no\" data-id=\"bb99d7b\" data-element_type=\"section\" data-e-type=\"section\" data-settings=\"{&quot;_ha_eqh_enable&quot;:false}\">\n\t\t\t\t\t\t<div class=\"elementor-container elementor-column-gap-wide\">\n\t\t\t\t\t<div class=\"elementor-column elementor-col-50 elementor-top-column elementor-element elementor-element-f495589 elementor-hidden-mobile elementor-hidden-tablet exad-glass-effect-no exad-sticky-section-no\" data-id=\"f495589\" data-element_type=\"column\" data-e-type=\"column\">\n\t\t\t<div class=\"elementor-widget-wrap elementor-element-populated\">\n\t\t\t\t\t\t<div class=\"elementor-element elementor-element-5b0a3c2 exad-sticky-section-no exad-glass-effect-no elementor-widget elementor-widget-image\" data-id=\"5b0a3c2\" data-element_type=\"widget\" data-e-type=\"widget\" data-widget_type=\"image.default\">\n\t\t\t\t<div class=\"elementor-widget-container\">\n\t\t\t\t\t\t\t\t\t\t\t\t\t\t\t<img fetchpriority=\"high\" decoding=\"async\" width=\"800\" height=\"600\" src=\"https:\/\/agilesolutions.global\/wp-content\/uploads\/2025\/03\/Creation-sans-titre-2-1.png\" class=\"attachment-large size-large wp-image-935\" alt=\"\" srcset=\"https:\/\/agilesolutions.global\/wp-content\/uploads\/2025\/03\/Creation-sans-titre-2-1.png 800w, https:\/\/agilesolutions.global\/wp-content\/uploads\/2025\/03\/Creation-sans-titre-2-1-300x225.png 300w, https:\/\/agilesolutions.global\/wp-content\/uploads\/2025\/03\/Creation-sans-titre-2-1-768x576.png 768w\" sizes=\"(max-width: 800px) 100vw, 800px\" \/>\t\t\t\t\t\t\t\t\t\t\t\t\t\t\t<\/div>\n\t\t\t\t<\/div>\n\t\t\t\t\t<\/div>\n\t\t<\/div>\n\t\t\t\t<div class=\"elementor-column elementor-col-50 elementor-top-column elementor-element elementor-element-8095165 exad-glass-effect-no exad-sticky-section-no\" data-id=\"8095165\" data-element_type=\"column\" data-e-type=\"column\" data-settings=\"{&quot;background_background&quot;:&quot;classic&quot;}\">\n\t\t\t<div class=\"elementor-widget-wrap elementor-element-populated\">\n\t\t\t\t\t\t<div class=\"elementor-element elementor-element-808372b exad-sticky-section-no exad-glass-effect-no elementor-widget elementor-widget-heading\" data-id=\"808372b\" data-element_type=\"widget\" data-e-type=\"widget\" data-widget_type=\"heading.default\">\n\t\t\t\t<div class=\"elementor-widget-container\">\n\t\t\t\t\t<h2 class=\"elementor-heading-title elementor-size-default\">D\u00e9couvrez notre<\/h2>\t\t\t\t<\/div>\n\t\t\t\t<\/div>\n\t\t\t\t<div class=\"elementor-element elementor-element-26f3ea4 exad-sticky-section-no exad-glass-effect-no elementor-widget elementor-widget-heading\" data-id=\"26f3ea4\" data-element_type=\"widget\" data-e-type=\"widget\" data-widget_type=\"heading.default\">\n\t\t\t\t<div class=\"elementor-widget-container\">\n\t\t\t\t\t<h2 class=\"elementor-heading-title elementor-size-default\">Calculateur de pr\u00eat commercial<\/h2>\t\t\t\t<\/div>\n\t\t\t\t<\/div>\n\t\t\t\t<div class=\"elementor-element elementor-element-725d7fa exad-sticky-section-no exad-glass-effect-no elementor-widget elementor-widget-text-editor\" data-id=\"725d7fa\" data-element_type=\"widget\" data-e-type=\"widget\" data-widget_type=\"text-editor.default\">\n\t\t\t\t<div class=\"elementor-widget-container\">\n\t\t\t\t\t\t\t\t\t<p>Les pr\u00eats commerciaux sont un outil puissant pour d\u00e9velopper votre entreprise, \u00e9tendre vos activit\u00e9s ou investir dans de nouveaux \u00e9quipements. Utilisez notre calculateur de pr\u00eat commercial pour estimer vos mensualit\u00e9s et d\u00e9terminer le montant du financement que vous pouvez vous permettre. Que vous ayez besoin d'une ligne de cr\u00e9dit ou d'un pr\u00eat \u00e0 terme, il est essentiel de planifier vos remboursements afin de prendre des d\u00e9cisions financi\u00e8res \u00e9clair\u00e9es.<\/p>\t\t\t\t\t\t\t\t<\/div>\n\t\t\t\t<\/div>\n\t\t\t\t<div class=\"elementor-element elementor-element-c45a812 elementor-mobile-align-center elementor-align-left elementor-tablet-align-center exad-sticky-section-no exad-glass-effect-no elementor-widget elementor-widget-button\" data-id=\"c45a812\" data-element_type=\"widget\" data-e-type=\"widget\" data-widget_type=\"button.default\">\n\t\t\t\t<div class=\"elementor-widget-container\">\n\t\t\t\t\t\t\t\t\t<div class=\"elementor-button-wrapper\">\n\t\t\t\t\t<a class=\"elementor-button elementor-button-link elementor-size-sm\" href=\"https:\/\/agilesolutions.global\/fr\/contact\/\">\n\t\t\t\t\t\t<span class=\"elementor-button-content-wrapper\">\n\t\t\t\t\t\t\t\t\t<span class=\"elementor-button-text\">Contactez-nous<\/span>\n\t\t\t\t\t<\/span>\n\t\t\t\t\t<\/a>\n\t\t\t\t<\/div>\n\t\t\t\t\t\t\t\t<\/div>\n\t\t\t\t<\/div>\n\t\t\t\t\t<\/div>\n\t\t<\/div>\n\t\t\t\t\t<\/div>\n\t\t<\/section>\n\t\t\t\t<section class=\"elementor-section elementor-top-section elementor-element elementor-element-5f29236 elementor-section-boxed elementor-section-height-default elementor-section-height-default exad-glass-effect-no wpr-particle-no wpr-jarallax-no wpr-parallax-no wpr-sticky-section-no wpr-equal-height-no exad-sticky-section-no\" data-id=\"5f29236\" data-element_type=\"section\" data-e-type=\"section\" data-settings=\"{&quot;_ha_eqh_enable&quot;:false}\">\n\t\t\t\t\t\t<div class=\"elementor-container elementor-column-gap-wide\">\n\t\t\t\t\t<div class=\"elementor-column elementor-col-50 elementor-top-column elementor-element elementor-element-d9774d5 exad-glass-effect-no exad-sticky-section-no\" data-id=\"d9774d5\" data-element_type=\"column\" data-e-type=\"column\" data-settings=\"{&quot;background_background&quot;:&quot;classic&quot;}\">\n\t\t\t<div class=\"elementor-widget-wrap elementor-element-populated\">\n\t\t\t\t\t\t<div class=\"elementor-element elementor-element-8db4181 exad-sticky-section-no exad-glass-effect-no elementor-widget elementor-widget-heading\" data-id=\"8db4181\" data-element_type=\"widget\" data-e-type=\"widget\" data-widget_type=\"heading.default\">\n\t\t\t\t<div class=\"elementor-widget-container\">\n\t\t\t\t\t<h2 class=\"elementor-heading-title elementor-size-default\">Calculateur de pr\u00eat commercial<\/h2>\t\t\t\t<\/div>\n\t\t\t\t<\/div>\n\t\t\t\t<div class=\"elementor-element elementor-element-08c9b6b exad-sticky-section-no exad-glass-effect-no elementor-widget elementor-widget-heading\" data-id=\"08c9b6b\" data-element_type=\"widget\" data-e-type=\"widget\" data-widget_type=\"heading.default\">\n\t\t\t\t<div class=\"elementor-widget-container\">\n\t\t\t\t\t<h2 class=\"elementor-heading-title elementor-size-default\">Calculez facilement vos remboursements de pr\u00eat<\/h2>\t\t\t\t<\/div>\n\t\t\t\t<\/div>\n\t\t\t\t<div class=\"elementor-element elementor-element-c398a28 exad-sticky-section-no exad-glass-effect-no elementor-widget elementor-widget-text-editor\" data-id=\"c398a28\" data-element_type=\"widget\" data-e-type=\"widget\" data-widget_type=\"text-editor.default\">\n\t\t\t\t<div class=\"elementor-widget-container\">\n\t\t\t\t\t\t\t\t\t<p>Il vous suffit d'entrer le montant du pr\u00eat, le taux d'int\u00e9r\u00eat et la dur\u00e9e du pr\u00eat pour obtenir une estimation de votre mensualit\u00e9. Ajustez les chiffres pour trouver un plan de remboursement adapt\u00e9 \u00e0 votre budget.<\/p>\t\t\t\t\t\t\t\t<\/div>\n\t\t\t\t<\/div>\n\t\t\t\t\t<\/div>\n\t\t<\/div>\n\t\t\t\t<div class=\"elementor-column elementor-col-50 elementor-top-column elementor-element elementor-element-169209b exad-glass-effect-no exad-sticky-section-no\" data-id=\"169209b\" data-element_type=\"column\" data-e-type=\"column\">\n\t\t\t<div class=\"elementor-widget-wrap elementor-element-populated\">\n\t\t\t\t\t\t<div class=\"elementor-element elementor-element-00941ba exad-sticky-section-no exad-glass-effect-no elementor-widget elementor-widget-html\" data-id=\"00941ba\" data-element_type=\"widget\" data-e-type=\"widget\" data-widget_type=\"html.default\">\n\t\t\t\t<div class=\"elementor-widget-container\">\n\t\t\t\t\t<div class=\"calculator-container\">\r\n    <div class=\"calculator-section calculator-inputs-section\">\r\n        <h2 class=\"section-title\">D\u00e9tails du pr\u00eat<\/h2>\r\n        <div class=\"calculator-inputs\">\r\n            <div class=\"calculator-field\">\r\n                <label for=\"loan-amount\">Montant du pr\u00eat :<\/label>\r\n                <input type=\"text\" id=\"loan-amount\" placeholder=\"Entrez le montant du pr\u00eat\" value=\"10000\">\r\n            <\/div>\r\n            <div class=\"calculator-field\">\r\n                <label for=\"interest-rate\">Taux d'int\u00e9r\u00eat annuel (%) :<\/label>\r\n                <input type=\"number\" id=\"interest-rate\" placeholder=\"Entrer le taux d&#039;int\u00e9r\u00eat\" value=\"5\">\r\n            <\/div>\r\n            <div class=\"calculator-field\">\r\n                <label for=\"loan-term\">Dur\u00e9e du pr\u00eat (en ann\u00e9es) :<\/label>\r\n                <input type=\"number\" id=\"loan-term\" placeholder=\"Entrer la dur\u00e9e du pr\u00eat\" value=\"5\">\r\n            <\/div>\r\n            <p class=\"calculator-note\">Ce calculateur est fourni \u00e0 titre indicatif uniquement. Les conditions de paiement exactes doivent \u00eatre convenues avec un pr\u00eateur avant de contracter un pr\u00eat.<\/p>\r\n        <\/div>\r\n    <\/div>\r\n    <div class=\"calculator-section calculator-results-section\">\r\n        <h2 class=\"section-title\">R\u00e9sultats<\/h2>\r\n        <div class=\"calculator-results\">\r\n            <div class=\"calculator-result\">\r\n                <p class=\"result-label\"><strong>Paiements mensuels :<\/strong><\/p>\r\n                <p class=\"result-value\" id=\"monthly-payments\">$0.00<\/p>\r\n            <\/div>\r\n            <div class=\"calculator-result\">\r\n                <p class=\"result-label\"><strong>Int\u00e9r\u00eat mensuel moyen :<\/strong><\/p>\r\n                <p class=\"result-value\" id=\"avg-monthly-interest\">$0.00<\/p>\r\n            <\/div>\r\n            <div class=\"calculator-result\">\r\n                <p class=\"result-label\"><strong>Int\u00e9r\u00eat total :<\/strong><\/p>\r\n                <p class=\"result-value\" id=\"total-interest\">$0.00<\/p>\r\n            <\/div>\r\n            <div class=\"calculator-result\">\r\n                <p class=\"result-label\"><strong>Co\u00fbt total du financement :<\/strong><\/p>\r\n                <p class=\"result-value\" id=\"total-cost\">$0.00<\/p>\r\n            <\/div>\r\n        <\/div>\r\n    <\/div>\r\n<\/div>\r\n\t\t\t\t<\/div>\n\t\t\t\t<\/div>\n\t\t\t\t\t<\/div>\n\t\t<\/div>\n\t\t\t\t\t<\/div>\n\t\t<\/section>\n\t\t\t\t<section class=\"wpr-jarallax elementor-section elementor-top-section elementor-element elementor-element-d7d335b wpr-jarallax-yes elementor-section-boxed elementor-section-height-default elementor-section-height-default exad-glass-effect-no wpr-particle-no wpr-parallax-no wpr-sticky-section-no wpr-equal-height-no exad-sticky-section-no\" speed-data=\"1.4\" bg-image=\"https:\/\/agilesolutions.global\/wp-content\/uploads\/2025\/02\/Creation-sans-titre-2.png\" bg-image-mobile=\"\" scroll-effect=\"scroll\" data-id=\"d7d335b\" data-element_type=\"section\" data-e-type=\"section\" data-settings=\"{&quot;background_background&quot;:&quot;classic&quot;,&quot;_ha_eqh_enable&quot;:false}\">\n\t\t\t\t\t\t\t<div class=\"elementor-background-overlay\"><\/div>\n\t\t\t\t\t\t\t<div class=\"elementor-container elementor-column-gap-default\">\n\t\t\t\t\t<div class=\"elementor-column elementor-col-100 elementor-top-column elementor-element elementor-element-df4bc90 exad-glass-effect-no exad-sticky-section-no\" data-id=\"df4bc90\" data-element_type=\"column\" data-e-type=\"column\">\n\t\t\t<div class=\"elementor-widget-wrap elementor-element-populated\">\n\t\t\t\t\t\t<div class=\"elementor-element elementor-element-8ea2b10 exad-sticky-section-no exad-glass-effect-no elementor-widget elementor-widget-heading\" data-id=\"8ea2b10\" data-element_type=\"widget\" data-e-type=\"widget\" data-widget_type=\"heading.default\">\n\t\t\t\t<div class=\"elementor-widget-container\">\n\t\t\t\t\t<h2 class=\"elementor-heading-title elementor-size-default\">D\u00e9couvrez d\u00e8s maintenant vos options de pr\u00eat !<\/h2>\t\t\t\t<\/div>\n\t\t\t\t<\/div>\n\t\t\t\t<div class=\"elementor-element elementor-element-d00ef50 exad-sticky-section-no exad-glass-effect-no elementor-widget elementor-widget-text-editor\" data-id=\"d00ef50\" data-element_type=\"widget\" data-e-type=\"widget\" data-widget_type=\"text-editor.default\">\n\t\t\t\t<div class=\"elementor-widget-container\">\n\t\t\t\t\t\t\t\t\t<p>Vous avez vu les chiffres, maintenant passons \u00e0 l'action. Consultez notre page Pr\u00eats aux entreprises pour obtenir une description d\u00e9taill\u00e9e des options de financement disponibles et des conseils d'experts adapt\u00e9s aux besoins de votre entreprise.<\/p>\t\t\t\t\t\t\t\t<\/div>\n\t\t\t\t<\/div>\n\t\t\t\t<div class=\"elementor-element elementor-element-04cf42b elementor-align-center elementor-mobile-align-center exad-sticky-section-no exad-glass-effect-no elementor-widget elementor-widget-button\" data-id=\"04cf42b\" data-element_type=\"widget\" data-e-type=\"widget\" data-widget_type=\"button.default\">\n\t\t\t\t<div class=\"elementor-widget-container\">\n\t\t\t\t\t\t\t\t\t<div class=\"elementor-button-wrapper\">\n\t\t\t\t\t<a class=\"elementor-button elementor-button-link elementor-size-sm\" href=\"https:\/\/agilesolutions.global\/fr\/contact\/\">\n\t\t\t\t\t\t<span class=\"elementor-button-content-wrapper\">\n\t\t\t\t\t\t\t\t\t<span class=\"elementor-button-text\">Contactez-nous d\u00e8s maintenant<\/span>\n\t\t\t\t\t<\/span>\n\t\t\t\t\t<\/a>\n\t\t\t\t<\/div>\n\t\t\t\t\t\t\t\t<\/div>\n\t\t\t\t<\/div>\n\t\t\t\t\t<\/div>\n\t\t<\/div>\n\t\t\t\t\t<\/div>\n\t\t<\/section>\n\t\t<div class=\"elementor-element elementor-element-76b991e e-flex e-con-boxed wpr-particle-no wpr-jarallax-no wpr-parallax-no wpr-sticky-section-no wpr-equal-height-no e-con e-parent\" data-id=\"76b991e\" data-element_type=\"container\" data-e-type=\"container\" data-settings=\"{&quot;_ha_eqh_enable&quot;:false}\">\n\t\t\t\t\t<div class=\"e-con-inner\">\n\t\t\t\t<div class=\"elementor-element elementor-element-1ad4955 exad-sticky-section-no exad-glass-effect-no elementor-widget elementor-widget-spacer\" data-id=\"1ad4955\" data-element_type=\"widget\" data-e-type=\"widget\" data-widget_type=\"spacer.default\">\n\t\t\t\t<div class=\"elementor-widget-container\">\n\t\t\t\t\t\t\t<div class=\"elementor-spacer\">\n\t\t\t<div class=\"elementor-spacer-inner\"><\/div>\n\t\t<\/div>\n\t\t\t\t\t\t<\/div>\n\t\t\t\t<\/div>\n\t\t\t\t\t<\/div>\n\t\t\t\t<\/div>\n\t\t\t\t<\/div>","protected":false},"excerpt":{"rendered":"<p>Calculate monthly payments and total interest with Agile Solutions\u2019 business loan calculator\u2014plan your financing with clarity and confidence.<\/p>","protected":false},"author":1,"featured_media":799,"parent":0,"menu_order":0,"comment_status":"closed","ping_status":"closed","template":"","meta":{"footnotes":""},"class_list":["post-1284","page","type-page","status-publish","has-post-thumbnail","hentry"],"blocksy_meta":[],"_links":{"self":[{"href":"https:\/\/agilesolutions.global\/fr\/wp-json\/wp\/v2\/pages\/1284","targetHints":{"allow":["GET"]}}],"collection":[{"href":"https:\/\/agilesolutions.global\/fr\/wp-json\/wp\/v2\/pages"}],"about":[{"href":"https:\/\/agilesolutions.global\/fr\/wp-json\/wp\/v2\/types\/page"}],"author":[{"embeddable":true,"href":"https:\/\/agilesolutions.global\/fr\/wp-json\/wp\/v2\/users\/1"}],"replies":[{"embeddable":true,"href":"https:\/\/agilesolutions.global\/fr\/wp-json\/wp\/v2\/comments?post=1284"}],"version-history":[{"count":36,"href":"https:\/\/agilesolutions.global\/fr\/wp-json\/wp\/v2\/pages\/1284\/revisions"}],"predecessor-version":[{"id":2615,"href":"https:\/\/agilesolutions.global\/fr\/wp-json\/wp\/v2\/pages\/1284\/revisions\/2615"}],"wp:featuredmedia":[{"embeddable":true,"href":"https:\/\/agilesolutions.global\/fr\/wp-json\/wp\/v2\/media\/799"}],"wp:attachment":[{"href":"https:\/\/agilesolutions.global\/fr\/wp-json\/wp\/v2\/media?parent=1284"}],"curies":[{"name":"wp","href":"https:\/\/api.w.org\/{rel}","templated":true}]}}