{"id":1300,"date":"2025-04-06T19:30:17","date_gmt":"2025-04-06T23:30:17","guid":{"rendered":"https:\/\/agilesolutions.global\/?page_id=1300"},"modified":"2025-05-07T21:52:12","modified_gmt":"2025-05-08T01:52:12","slug":"dti-ratio-calculator","status":"publish","type":"page","link":"https:\/\/agilesolutions.global\/fr\/dti-ratio-calculator\/","title":{"rendered":"Calculateur de ratio d'endettement"},"content":{"rendered":"<div data-elementor-type=\"wp-page\" data-elementor-id=\"1300\" class=\"elementor elementor-1300\" data-elementor-settings=\"{&quot;ha_cmc_init_switcher&quot;:&quot;no&quot;}\">\n\t\t\t\t\t\t<section class=\"elementor-section elementor-top-section elementor-element elementor-element-bb99d7b elementor-section-boxed elementor-section-height-default elementor-section-height-default exad-glass-effect-no wpr-particle-no wpr-jarallax-no wpr-parallax-no wpr-sticky-section-no wpr-equal-height-no exad-sticky-section-no\" data-id=\"bb99d7b\" data-element_type=\"section\" data-e-type=\"section\" data-settings=\"{&quot;_ha_eqh_enable&quot;:false}\">\n\t\t\t\t\t\t<div class=\"elementor-container elementor-column-gap-wide\">\n\t\t\t\t\t<div class=\"elementor-column elementor-col-50 elementor-top-column elementor-element elementor-element-f495589 elementor-hidden-mobile elementor-hidden-tablet exad-glass-effect-no exad-sticky-section-no\" data-id=\"f495589\" data-element_type=\"column\" data-e-type=\"column\">\n\t\t\t<div class=\"elementor-widget-wrap elementor-element-populated\">\n\t\t\t\t\t\t<div class=\"elementor-element elementor-element-5b0a3c2 exad-sticky-section-no exad-glass-effect-no elementor-widget elementor-widget-image\" data-id=\"5b0a3c2\" data-element_type=\"widget\" data-e-type=\"widget\" data-widget_type=\"image.default\">\n\t\t\t\t<div class=\"elementor-widget-container\">\n\t\t\t\t\t\t\t\t\t\t\t\t\t\t\t<img fetchpriority=\"high\" decoding=\"async\" width=\"800\" height=\"600\" src=\"https:\/\/agilesolutions.global\/wp-content\/uploads\/2025\/03\/Creation-sans-titre-2-1.png\" class=\"attachment-large size-large wp-image-935\" alt=\"\" srcset=\"https:\/\/agilesolutions.global\/wp-content\/uploads\/2025\/03\/Creation-sans-titre-2-1.png 800w, https:\/\/agilesolutions.global\/wp-content\/uploads\/2025\/03\/Creation-sans-titre-2-1-300x225.png 300w, https:\/\/agilesolutions.global\/wp-content\/uploads\/2025\/03\/Creation-sans-titre-2-1-768x576.png 768w\" sizes=\"(max-width: 800px) 100vw, 800px\" \/>\t\t\t\t\t\t\t\t\t\t\t\t\t\t\t<\/div>\n\t\t\t\t<\/div>\n\t\t\t\t\t<\/div>\n\t\t<\/div>\n\t\t\t\t<div class=\"elementor-column elementor-col-50 elementor-top-column elementor-element elementor-element-8095165 exad-glass-effect-no exad-sticky-section-no\" data-id=\"8095165\" data-element_type=\"column\" data-e-type=\"column\" data-settings=\"{&quot;background_background&quot;:&quot;classic&quot;}\">\n\t\t\t<div class=\"elementor-widget-wrap elementor-element-populated\">\n\t\t\t\t\t\t<div class=\"elementor-element elementor-element-808372b exad-sticky-section-no exad-glass-effect-no elementor-widget elementor-widget-heading\" data-id=\"808372b\" data-element_type=\"widget\" data-e-type=\"widget\" data-widget_type=\"heading.default\">\n\t\t\t\t<div class=\"elementor-widget-container\">\n\t\t\t\t\t<h2 class=\"elementor-heading-title elementor-size-default\">D\u00e9couvrez notre<\/h2>\t\t\t\t<\/div>\n\t\t\t\t<\/div>\n\t\t\t\t<div class=\"elementor-element elementor-element-26f3ea4 exad-sticky-section-no exad-glass-effect-no elementor-widget elementor-widget-heading\" data-id=\"26f3ea4\" data-element_type=\"widget\" data-e-type=\"widget\" data-widget_type=\"heading.default\">\n\t\t\t\t<div class=\"elementor-widget-container\">\n\t\t\t\t\t<h2 class=\"elementor-heading-title elementor-size-default\">Calculateur du ratio d\u2019endettement<\/h2>\t\t\t\t<\/div>\n\t\t\t\t<\/div>\n\t\t\t\t<div class=\"elementor-element elementor-element-725d7fa exad-sticky-section-no exad-glass-effect-no elementor-widget elementor-widget-text-editor\" data-id=\"725d7fa\" data-element_type=\"widget\" data-e-type=\"widget\" data-widget_type=\"text-editor.default\">\n\t\t\t\t<div class=\"elementor-widget-container\">\n\t\t\t\t\t\t\t\t\t<p>Le ratio d\u2019endettement est un outil essentiel pour comprendre votre sant\u00e9 financi\u00e8re et vous assurer que vous g\u00e9rez vos dettes de mani\u00e8re responsable. Que vous envisagiez d\u2019acheter une maison, de financer une nouvelle voiture ou de contracter un pr\u00eat suppl\u00e9mentaire, conna\u00eetre votre ratio d\u2019endettement peut vous aider \u00e0 prendre des d\u00e9cisions financi\u00e8res \u00e9clair\u00e9es.\n\nUtilisez notre calculateur de ratio d\u2019endettement pour \u00e9valuer la part de vos revenus consacr\u00e9e au remboursement de dettes chaque mois. Vous saurez ainsi si vos finances sont \u00e9quilibr\u00e9es ou trop sollicit\u00e9es. Gr\u00e2ce \u00e0 cet outil simple et pratique, vous pouvez mesurer votre capacit\u00e9 \u00e0 assumer de nouveaux engagements financiers et garder le contr\u00f4le de votre avenir financier.<\/p>\t\t\t\t\t\t\t\t<\/div>\n\t\t\t\t<\/div>\n\t\t\t\t<div class=\"elementor-element elementor-element-c45a812 elementor-mobile-align-center elementor-align-left elementor-tablet-align-center exad-sticky-section-no exad-glass-effect-no elementor-widget elementor-widget-button\" data-id=\"c45a812\" data-element_type=\"widget\" data-e-type=\"widget\" data-widget_type=\"button.default\">\n\t\t\t\t<div class=\"elementor-widget-container\">\n\t\t\t\t\t\t\t\t\t<div class=\"elementor-button-wrapper\">\n\t\t\t\t\t<a class=\"elementor-button elementor-button-link elementor-size-sm\" href=\"https:\/\/agilesolutions.global\/fr\/contact\/\">\n\t\t\t\t\t\t<span class=\"elementor-button-content-wrapper\">\n\t\t\t\t\t\t\t\t\t<span class=\"elementor-button-text\">Contactez-nous<\/span>\n\t\t\t\t\t<\/span>\n\t\t\t\t\t<\/a>\n\t\t\t\t<\/div>\n\t\t\t\t\t\t\t\t<\/div>\n\t\t\t\t<\/div>\n\t\t\t\t\t<\/div>\n\t\t<\/div>\n\t\t\t\t\t<\/div>\n\t\t<\/section>\n\t\t\t\t<section class=\"elementor-section elementor-top-section elementor-element elementor-element-5f29236 elementor-section-boxed elementor-section-height-default elementor-section-height-default exad-glass-effect-no wpr-particle-no wpr-jarallax-no wpr-parallax-no wpr-sticky-section-no wpr-equal-height-no exad-sticky-section-no\" data-id=\"5f29236\" data-element_type=\"section\" data-e-type=\"section\" data-settings=\"{&quot;_ha_eqh_enable&quot;:false}\">\n\t\t\t\t\t\t<div class=\"elementor-container elementor-column-gap-wide\">\n\t\t\t\t\t<div class=\"elementor-column elementor-col-100 elementor-top-column elementor-element elementor-element-169209b exad-glass-effect-no exad-sticky-section-no\" data-id=\"169209b\" data-element_type=\"column\" data-e-type=\"column\">\n\t\t\t<div class=\"elementor-widget-wrap elementor-element-populated\">\n\t\t\t\t\t\t<div class=\"elementor-element elementor-element-bfb5bc7 exad-sticky-section-no exad-glass-effect-no elementor-widget elementor-widget-heading\" data-id=\"bfb5bc7\" data-element_type=\"widget\" data-e-type=\"widget\" data-widget_type=\"heading.default\">\n\t\t\t\t<div class=\"elementor-widget-container\">\n\t\t\t\t\t<h2 class=\"elementor-heading-title elementor-size-default\">Calculateur de ratio d'endettement<\/h2>\t\t\t\t<\/div>\n\t\t\t\t<\/div>\n\t\t\t\t<div class=\"elementor-element elementor-element-b4fd792 exad-sticky-section-no exad-glass-effect-no elementor-widget elementor-widget-heading\" data-id=\"b4fd792\" data-element_type=\"widget\" data-e-type=\"widget\" data-widget_type=\"heading.default\">\n\t\t\t\t<div class=\"elementor-widget-container\">\n\t\t\t\t\t<h2 class=\"elementor-heading-title elementor-size-default\">Calculez facilement votre ratio d\u2019endettement<\/h2>\t\t\t\t<\/div>\n\t\t\t\t<\/div>\n\t\t\t\t<div class=\"elementor-element elementor-element-00941ba exad-sticky-section-no exad-glass-effect-no elementor-widget elementor-widget-html\" data-id=\"00941ba\" data-element_type=\"widget\" data-e-type=\"widget\" data-widget_type=\"html.default\">\n\t\t\t\t<div class=\"elementor-widget-container\">\n\t\t\t\t\t<!DOCTYPE html>\r\n<html lang=\"en\">\r\n<head>\r\n    <meta charset=\"UTF-8\">\r\n    <meta name=\"viewport\" content=\"width=device-width, initial-scale=1.0\">\r\n    <link rel=\"stylesheet\" href=\"styles.css\">\r\n<\/head>\r\n<body>\r\n    <div class=\"dti-calculator-container\">\r\n \r\n\r\n        <h3>Revenu<\/h3>\r\n        <div class=\"input-group\">\r\n            <label for=\"gross-income\">Revenu brut<\/label>\r\n            <div class=\"input-row\">\r\n                <input type=\"number\" id=\"gross-income\" placeholder=\"Entrez votre revenu\" min=\"0\">\r\n                <select id=\"gross-income-frequency\">\r\n                    <option value=\"monthly\">Mensuel<\/option>\r\n                    <option value=\"bi-weekly\">Bimensuel<\/option>\r\n                    <option value=\"weekly\">Hebdomadaire<\/option>\r\n                    <option value=\"annually\">Annuellement<\/option>\r\n                <\/select>\r\n            <\/div>\r\n        <\/div>\r\n\r\n        <div class=\"input-group\">\r\n            <label for=\"other-income\">Autres revenus<\/label>\r\n            <div class=\"input-row\">\r\n                <input type=\"number\" id=\"other-income\" placeholder=\"Saisir les autres revenus\" min=\"0\">\r\n                <select id=\"other-income-frequency\">\r\n                    <option value=\"monthly\">Mensuel<\/option>\r\n                    <option value=\"bi-weekly\">Bimensuel<\/option>\r\n                    <option value=\"weekly\">Hebdomadaire<\/option>\r\n                    <option value=\"annually\">Annuellement<\/option>\r\n                <\/select>\r\n            <\/div>\r\n        <\/div>\r\n\r\n        <h3>D\u00e9penses de logement<\/h3>\r\n        <div class=\"input-group\">\r\n            <label for=\"mortgage-rent\">Hypoth\u00e8que ou loyer<\/label>\r\n            <div class=\"input-row\">\r\n                <input type=\"number\" id=\"mortgage-rent\" placeholder=\"Entrez votre hypoth\u00e8que ou votre loyer\" min=\"0\">\r\n                <select id=\"mortgage-rent-frequency\">\r\n                    <option value=\"monthly\">Mensuel<\/option>\r\n                    <option value=\"bi-weekly\">Bimensuel<\/option>\r\n                    <option value=\"weekly\">Hebdomadaire<\/option>\r\n                    <option value=\"annually\">Annuellement<\/option>\r\n                <\/select>\r\n            <\/div>\r\n        <\/div>\r\n\r\n        <div class=\"input-group\">\r\n            <label for=\"property-taxes\">Taxes fonci\u00e8res et scolaires<\/label>\r\n            <div class=\"input-row\">\r\n                <input type=\"number\" id=\"property-taxes\" placeholder=\"Entrez les taxes fonci\u00e8res\/scolaires\" min=\"0\">\r\n                <select id=\"property-taxes-frequency\">\r\n                    <option value=\"monthly\">Mensuel<\/option>\r\n                    <option value=\"bi-weekly\">Bimensuel<\/option>\r\n                    <option value=\"weekly\">Hebdomadaire<\/option>\r\n                    <option value=\"annually\">Annuellement<\/option>\r\n                <\/select>\r\n            <\/div>\r\n        <\/div>\r\n\r\n        <h3>Remboursement de dettes<\/h3>\r\n        <div class=\"input-group\">\r\n            <label for=\"personal-loans\">Pr\u00eats personnels\/automobiles<\/label>\r\n            <div class=\"input-row\">\r\n                <input type=\"number\" id=\"personal-loans\" placeholder=\"Saisir les pr\u00eats personnels\/automobiles\" min=\"0\">\r\n                <select id=\"personal-loans-frequency\">\r\n                    <option value=\"monthly\">Mensuel<\/option>\r\n                    <option value=\"bi-weekly\">Bimensuel<\/option>\r\n                    <option value=\"weekly\">Hebdomadaire<\/option>\r\n                    <option value=\"annually\">Annuellement<\/option>\r\n                <\/select>\r\n            <\/div>\r\n        <\/div>\r\n\r\n        <div class=\"input-group\">\r\n            <label for=\"student-loans\">Pr\u00eats \u00e9tudiants<\/label>\r\n            <div class=\"input-row\">\r\n                <input type=\"number\" id=\"student-loans\" placeholder=\"Saisir les pr\u00eats \u00e9tudiants\" min=\"0\">\r\n                <select id=\"student-loans-frequency\">\r\n                    <option value=\"monthly\">Mensuel<\/option>\r\n                    <option value=\"bi-weekly\">Bimensuel<\/option>\r\n                    <option value=\"weekly\">Hebdomadaire<\/option>\r\n                    <option value=\"annually\">Annuellement<\/option>\r\n                <\/select>\r\n            <\/div>\r\n        <\/div>\r\n\r\n        <div class=\"input-group\">\r\n            <label for=\"credit-card-balance\">Solde de carte de cr\u00e9dit<\/label>\r\n            <div class=\"input-row\">\r\n                <input type=\"number\" id=\"credit-card-balance\" placeholder=\"Saisir le solde de la carte de cr\u00e9dit\" min=\"0\">\r\n                <select id=\"credit-card-balance-frequency\">\r\n                    <option value=\"monthly\">Mensuel<\/option>\r\n                    <option value=\"bi-weekly\">Bimensuel<\/option>\r\n                    <option value=\"weekly\">Hebdomadaire<\/option>\r\n                    <option value=\"annually\">Annuellement<\/option>\r\n                <\/select>\r\n            <\/div>\r\n        <\/div>\r\n\r\n        <button class=\"calculate-btn\" onclick=\"calculateDTI()\">Calculer<\/button>\r\n\r\n        <div class=\"result\" id=\"result\"><\/div>\r\n    <\/div>\r\n\r\n    <script src=\"script.js\"><\/script>\r\n<\/body>\r\n<\/html>\r\n\t\t\t\t<\/div>\n\t\t\t\t<\/div>\n\t\t\t\t\t<\/div>\n\t\t<\/div>\n\t\t\t\t\t<\/div>\n\t\t<\/section>\n\t\t\t\t<section class=\"wpr-jarallax elementor-section elementor-top-section elementor-element elementor-element-d7d335b wpr-jarallax-yes elementor-section-boxed elementor-section-height-default elementor-section-height-default exad-glass-effect-no wpr-particle-no wpr-parallax-no wpr-sticky-section-no wpr-equal-height-no exad-sticky-section-no\" speed-data=\"1.4\" bg-image=\"https:\/\/agilesolutions.global\/wp-content\/uploads\/2025\/02\/Creation-sans-titre-2.png\" bg-image-mobile=\"\" scroll-effect=\"scroll\" data-id=\"d7d335b\" data-element_type=\"section\" data-e-type=\"section\" data-settings=\"{&quot;background_background&quot;:&quot;classic&quot;,&quot;_ha_eqh_enable&quot;:false}\">\n\t\t\t\t\t\t\t<div class=\"elementor-background-overlay\"><\/div>\n\t\t\t\t\t\t\t<div class=\"elementor-container elementor-column-gap-default\">\n\t\t\t\t\t<div class=\"elementor-column elementor-col-100 elementor-top-column elementor-element elementor-element-df4bc90 exad-glass-effect-no exad-sticky-section-no\" data-id=\"df4bc90\" data-element_type=\"column\" data-e-type=\"column\">\n\t\t\t<div class=\"elementor-widget-wrap elementor-element-populated\">\n\t\t\t\t\t\t<div class=\"elementor-element elementor-element-8ea2b10 exad-sticky-section-no exad-glass-effect-no elementor-widget elementor-widget-heading\" data-id=\"8ea2b10\" data-element_type=\"widget\" data-e-type=\"widget\" data-widget_type=\"heading.default\">\n\t\t\t\t<div class=\"elementor-widget-container\">\n\t\t\t\t\t<h2 class=\"elementor-heading-title elementor-size-default\">D\u00e9couvrez d\u00e8s maintenant votre sant\u00e9 financi\u00e8re !<\/h2>\t\t\t\t<\/div>\n\t\t\t\t<\/div>\n\t\t\t\t<div class=\"elementor-element elementor-element-d00ef50 exad-sticky-section-no exad-glass-effect-no elementor-widget elementor-widget-text-editor\" data-id=\"d00ef50\" data-element_type=\"widget\" data-e-type=\"widget\" data-widget_type=\"text-editor.default\">\n\t\t\t\t<div class=\"elementor-widget-container\">\n\t\t\t\t\t\t\t\t\t<p>Vous avez calcul\u00e9 votre ratio, passez maintenant \u00e0 l'\u00e9tape suivante. Consultez notre page Solutions de financement pour d\u00e9couvrir une gamme d'options sur mesure qui peuvent vous aider \u00e0 g\u00e9rer votre dette, \u00e0 investir dans la croissance et \u00e0 obtenir le soutien financier dont vous avez besoin. Travaillons ensemble pour atteindre vos objectifs financiers.<\/p>\t\t\t\t\t\t\t\t<\/div>\n\t\t\t\t<\/div>\n\t\t\t\t<div class=\"elementor-element elementor-element-04cf42b elementor-align-center elementor-mobile-align-center exad-sticky-section-no exad-glass-effect-no elementor-widget elementor-widget-button\" data-id=\"04cf42b\" data-element_type=\"widget\" data-e-type=\"widget\" data-widget_type=\"button.default\">\n\t\t\t\t<div class=\"elementor-widget-container\">\n\t\t\t\t\t\t\t\t\t<div class=\"elementor-button-wrapper\">\n\t\t\t\t\t<a class=\"elementor-button elementor-button-link elementor-size-sm\" href=\"https:\/\/agilesolutions.global\/fr\/contact\/\">\n\t\t\t\t\t\t<span class=\"elementor-button-content-wrapper\">\n\t\t\t\t\t\t\t\t\t<span class=\"elementor-button-text\">Contactez-nous d\u00e8s maintenant<\/span>\n\t\t\t\t\t<\/span>\n\t\t\t\t\t<\/a>\n\t\t\t\t<\/div>\n\t\t\t\t\t\t\t\t<\/div>\n\t\t\t\t<\/div>\n\t\t\t\t\t<\/div>\n\t\t<\/div>\n\t\t\t\t\t<\/div>\n\t\t<\/section>\n\t\t<div class=\"elementor-element elementor-element-24a28c0 e-flex e-con-boxed wpr-particle-no wpr-jarallax-no wpr-parallax-no wpr-sticky-section-no wpr-equal-height-no e-con e-parent\" data-id=\"24a28c0\" data-element_type=\"container\" data-e-type=\"container\" data-settings=\"{&quot;_ha_eqh_enable&quot;:false}\">\n\t\t\t\t\t<div class=\"e-con-inner\">\n\t\t\t\t<div class=\"elementor-element elementor-element-aef904f exad-sticky-section-no exad-glass-effect-no elementor-widget elementor-widget-spacer\" data-id=\"aef904f\" data-element_type=\"widget\" data-e-type=\"widget\" data-widget_type=\"spacer.default\">\n\t\t\t\t<div class=\"elementor-widget-container\">\n\t\t\t\t\t\t\t<div class=\"elementor-spacer\">\n\t\t\t<div class=\"elementor-spacer-inner\"><\/div>\n\t\t<\/div>\n\t\t\t\t\t\t<\/div>\n\t\t\t\t<\/div>\n\t\t\t\t\t<\/div>\n\t\t\t\t<\/div>\n\t\t\t\t<\/div>","protected":false},"excerpt":{"rendered":"<p>Calculate your business debt-to-income ratio to assess credit health\u2014Agile Solutions\u2019 free tool helps you prepare for smarter financing decisions.<\/p>","protected":false},"author":1,"featured_media":2633,"parent":0,"menu_order":0,"comment_status":"closed","ping_status":"closed","template":"","meta":{"footnotes":""},"class_list":["post-1300","page","type-page","status-publish","has-post-thumbnail","hentry"],"blocksy_meta":[],"_links":{"self":[{"href":"https:\/\/agilesolutions.global\/fr\/wp-json\/wp\/v2\/pages\/1300","targetHints":{"allow":["GET"]}}],"collection":[{"href":"https:\/\/agilesolutions.global\/fr\/wp-json\/wp\/v2\/pages"}],"about":[{"href":"https:\/\/agilesolutions.global\/fr\/wp-json\/wp\/v2\/types\/page"}],"author":[{"embeddable":true,"href":"https:\/\/agilesolutions.global\/fr\/wp-json\/wp\/v2\/users\/1"}],"replies":[{"embeddable":true,"href":"https:\/\/agilesolutions.global\/fr\/wp-json\/wp\/v2\/comments?post=1300"}],"version-history":[{"count":24,"href":"https:\/\/agilesolutions.global\/fr\/wp-json\/wp\/v2\/pages\/1300\/revisions"}],"predecessor-version":[{"id":2639,"href":"https:\/\/agilesolutions.global\/fr\/wp-json\/wp\/v2\/pages\/1300\/revisions\/2639"}],"wp:featuredmedia":[{"embeddable":true,"href":"https:\/\/agilesolutions.global\/fr\/wp-json\/wp\/v2\/media\/2633"}],"wp:attachment":[{"href":"https:\/\/agilesolutions.global\/fr\/wp-json\/wp\/v2\/media?parent=1300"}],"curies":[{"name":"wp","href":"https:\/\/api.w.org\/{rel}","templated":true}]}}